{"id":2,"date":"2023-04-10T08:52:18","date_gmt":"2023-04-10T08:52:18","guid":{"rendered":"http:\/\/klauswichmanntekster.dk\/?page_id=2"},"modified":"2023-04-10T14:58:01","modified_gmt":"2023-04-10T14:58:01","slug":"sample-page","status":"publish","type":"page","link":"http:\/\/klauswichmanntekster.dk\/","title":{"rendered":"Velkommen"},"content":{"rendered":"\n<p>Jeg hedder Klaus Wichmann-Hansen og har igennem \u00e5rene lavet en masse kreative skriverier. Her p\u00e5 siden har jeg samlet et udvalg af personlige digte, g\u00e6kkebreve, revy-viser, festsange og taler. <\/p>\n\n\n\n<p>Ideen til denne her hjemmeside kom af at min familie syntes at teksterne fortjente at blive samlet \u00e9t sted og delt med dem som nu m\u00e5tte have interesse. <\/p>\n\n\n\n<p>S\u00e6rligt har jeg skrevet g\u00e6kkebreve til mine b\u00f8rneb\u00f8rn siden de var sm\u00e5, og det var disse g\u00e6kkebreve som familien i f\u00f8rste omgang gerne ville have samlet \u00e9t sted. Det gav anledning til ogs\u00e5 at genfinde de mange andre skriverier, jeg har lavet gennem \u00e5rene. Derfor indeholder siden eksempler p\u00e5 alt fra revyviser og taler som jeg har produceret.<\/p>\n\n\n\n<p>Jeg h\u00e5ber du synes det er sjovt at l\u00e6se med. <\/p>\n\n\n\n<p>\/Klaus<\/p>\n","protected":false},"excerpt":{"rendered":"<p>Jeg hedder Klaus Wichmann-Hansen og har igennem \u00e5rene lavet en masse kreative skriverier. Her p\u00e5 siden har jeg samlet et udvalg af personlige digte, g\u00e6kkebreve, revy-viser, festsange og taler. Ideen til denne her hjemmeside kom af at min familie syntes at teksterne fortjente at blive samlet \u00e9t sted og delt med dem som nu m\u00e5tte [&hellip;]<\/p>\n","protected":false},"author":1,"featured_media":49,"parent":0,"menu_order":0,"comment_status":"closed","ping_status":"open","template":"","meta":{"footnotes":""},"class_list":["post-2","page","type-page","status-publish","has-post-thumbnail","hentry"],"_links":{"self":[{"href":"http:\/\/klauswichmanntekster.dk\/index.php\/wp-json\/wp\/v2\/pages\/2","targetHints":{"allow":["GET"]}}],"collection":[{"href":"http:\/\/klauswichmanntekster.dk\/index.php\/wp-json\/wp\/v2\/pages"}],"about":[{"href":"http:\/\/klauswichmanntekster.dk\/index.php\/wp-json\/wp\/v2\/types\/page"}],"author":[{"embeddable":true,"href":"http:\/\/klauswichmanntekster.dk\/index.php\/wp-json\/wp\/v2\/users\/1"}],"replies":[{"embeddable":true,"href":"http:\/\/klauswichmanntekster.dk\/index.php\/wp-json\/wp\/v2\/comments?post=2"}],"version-history":[{"count":3,"href":"http:\/\/klauswichmanntekster.dk\/index.php\/wp-json\/wp\/v2\/pages\/2\/revisions"}],"predecessor-version":[{"id":74,"href":"http:\/\/klauswichmanntekster.dk\/index.php\/wp-json\/wp\/v2\/pages\/2\/revisions\/74"}],"wp:featuredmedia":[{"embeddable":true,"href":"http:\/\/klauswichmanntekster.dk\/index.php\/wp-json\/wp\/v2\/media\/49"}],"wp:attachment":[{"href":"http:\/\/klauswichmanntekster.dk\/index.php\/wp-json\/wp\/v2\/media?parent=2"}],"curies":[{"name":"wp","href":"https:\/\/api.w.org\/{rel}","templated":true}]}}