{"id":116,"date":"2023-04-10T14:35:18","date_gmt":"2023-04-10T14:35:18","guid":{"rendered":"https:\/\/klauswichmanntekster.dk\/?page_id=116"},"modified":"2023-05-04T17:46:13","modified_gmt":"2023-05-04T17:46:13","slug":"gaekkebreve","status":"publish","type":"page","link":"https:\/\/klauswichmanntekster.dk\/index.php\/gaekkebreve\/","title":{"rendered":"G\u00e6kkebreve"},"content":{"rendered":"\n<p>1.<\/p>\n\n\n\n<p>EN DAG JEG FANDT EN VINTERG\u00c6K,<br>MEN SAMME DAG MIT NAVN BLEV V\u00c6K,<br>NU M\u00c5 DU BRUGE DIN FORSTAND,<br>OG SE, OM DU DET G\u00c6TTE KAN.<br>MIT NAVN DET ST\u00c5R MED PRIKKER<br>PAS P\u00c5 DET IKKE STIKKER.<br>. . . . . .<\/p>\n\n\n\n<pre class=\"wp-block-verse\">2. \n\n                                                                              \n<\/pre>\n","protected":false},"excerpt":{"rendered":"<p>1. EN DAG JEG FANDT EN VINTERG\u00c6K,MEN SAMME DAG MIT NAVN BLEV V\u00c6K,NU M\u00c5 DU BRUGE DIN FORSTAND,OG SE, OM DU DET G\u00c6TTE KAN.MIT NAVN DET ST\u00c5R MED PRIKKERPAS P\u00c5 DET IKKE STIKKER.. . . . . . 2.<\/p>\n","protected":false},"author":1,"featured_media":0,"parent":0,"menu_order":0,"comment_status":"closed","ping_status":"closed","template":"","meta":{"footnotes":""},"class_list":["post-116","page","type-page","status-publish","hentry"],"_links":{"self":[{"href":"https:\/\/klauswichmanntekster.dk\/index.php\/wp-json\/wp\/v2\/pages\/116","targetHints":{"allow":["GET"]}}],"collection":[{"href":"https:\/\/klauswichmanntekster.dk\/index.php\/wp-json\/wp\/v2\/pages"}],"about":[{"href":"https:\/\/klauswichmanntekster.dk\/index.php\/wp-json\/wp\/v2\/types\/page"}],"author":[{"embeddable":true,"href":"https:\/\/klauswichmanntekster.dk\/index.php\/wp-json\/wp\/v2\/users\/1"}],"replies":[{"embeddable":true,"href":"https:\/\/klauswichmanntekster.dk\/index.php\/wp-json\/wp\/v2\/comments?post=116"}],"version-history":[{"count":4,"href":"https:\/\/klauswichmanntekster.dk\/index.php\/wp-json\/wp\/v2\/pages\/116\/revisions"}],"predecessor-version":[{"id":139,"href":"https:\/\/klauswichmanntekster.dk\/index.php\/wp-json\/wp\/v2\/pages\/116\/revisions\/139"}],"wp:attachment":[{"href":"https:\/\/klauswichmanntekster.dk\/index.php\/wp-json\/wp\/v2\/media?parent=116"}],"curies":[{"name":"wp","href":"https:\/\/api.w.org\/{rel}","templated":true}]}}