{"id":99,"date":"2023-04-10T15:11:23","date_gmt":"2023-04-10T15:11:23","guid":{"rendered":"https:\/\/klauswichmanntekster.dk\/?page_id=99"},"modified":"2023-04-10T15:11:23","modified_gmt":"2023-04-10T15:11:23","slug":"kaerlighedsdigte","status":"publish","type":"page","link":"https:\/\/klauswichmanntekster.dk\/index.php\/kaerlighedsdigte\/","title":{"rendered":"K\u00e6rlighedsdigte"},"content":{"rendered":"\n<pre class=\"wp-block-verse\">EN  GR\u00c6SENKEMANDS  TANKER  P\u00c5  36 \u00c5RS BRYLLUPSDAG.\n\nEn bryllupsdag  - en m\u00e6rkedag,\nen dejlig sag,  med l\u00e6kker \u201dsmag\u201d.\nErindrings-krydderi \u2013 m\u00e5ske,\nn\u00e5r de forgangne \u00e5r man se.\nLidt op  -  lidt ned,\nmen givetvis med k\u00e6rlighed,\nsom st\u00e6rkt og sikkert fundament\nog pirrende incitament.\nGr\u00e6senkemand  -  ak ja  - og dog,\nfor  SE, s\u00e5 f\u00e5r man nemlig lov,\nat se de 36 \u00e5r,\nfra nye vinkler, som man f\u00e5r \u2013\nsmidt ind  -  fornyet gennemsyn,\nog konklusionen  -  som et lyn.\nLangt mer`  end f\u00f8r og nogen sinde,\n\u201dFor fanden\u201d -  hvor jeg elsker hende.\n                                                      \n                              \n<\/pre>\n\n\n\n<pre class=\"wp-block-verse\">         <strong>I  ANLEDNING  AF SCT. VALENTIN TIL KVINDERNE  I  MIT  LIV.<\/strong>\n1.\t                                                                               3.\nAt v\u00e6r\u00b4 alene mand i dag,                                        Men har man ikke en ved h\u00e5nden,                                \ner s\u00e5dan set en ked`lig  sag,                                     da m\u00e5 hun skabes ud i \u201d\u00e5nden\u201d. \nhelt som,  n\u00e5r det er rigtig t\u00e5get,                             Det g\u00f8r jeg nemt, det m\u00e5 man si`,\nman ser s\u00e5 lidt \u2013 man mangler noget.                    helt uden brug af fantasi.\n2.\t                                                                                 4.               \nMan famler bare rundt i blinde,                               En svigerdatter der er s\u00f8d, \nog h\u00e5ber p\u00e5 at man kan finde,                                   en dejlig kone, varm og bl\u00f8d.\n\u201dDE  VISES  STEN\u201d,  lidt sjov og sk\u00e6g,                        En pragtfuld datter \u2013 hvilken \u201dsvir\u201d, \nm\u00e5ske et helt \u201dColumbus\u00e6g\u201d.                                    to b\u00f8rneb\u00f8rn der`  sk\u00f8nne pi`r.\n3.\t                                                                                    5.\nMen dog! det ligger mig p\u00e5 sinde.                              Alene-mand jeg er ej m\u00e8r` ,\nDet jeg s\u00f8ger for at finde,                                             dem alle fem, jeg klart nu ser.\ndet ved jeg allerinderst inde,                                       Og si`r  med stort og sm\u00f8rret grin:\ndet er jo kort og godt en KVINDE.                              \u201djeg elsker dig Sankt Valentin\u201d.  \n\n                                                                                                       Klaus Wichmann-Hansen\n<\/pre>\n","protected":false},"excerpt":{"rendered":"<p>EN GR\u00c6SENKEMANDS TANKER P\u00c5 36 \u00c5RS BRYLLUPSDAG. En bryllupsdag &#8211; en m\u00e6rkedag, en dejlig sag, med l\u00e6kker \u201dsmag\u201d. Erindrings-krydderi \u2013 m\u00e5ske, n\u00e5r de forgangne \u00e5r man se. Lidt op &#8211; lidt ned, men givetvis med k\u00e6rlighed, som st\u00e6rkt og sikkert fundament og pirrende incitament. Gr\u00e6senkemand &#8211; ak ja &#8211; og dog, for SE, s\u00e5 f\u00e5r [&hellip;]<\/p>\n","protected":false},"author":1,"featured_media":0,"parent":0,"menu_order":0,"comment_status":"closed","ping_status":"closed","template":"","meta":{"footnotes":""},"class_list":["post-99","page","type-page","status-publish","hentry"],"_links":{"self":[{"href":"https:\/\/klauswichmanntekster.dk\/index.php\/wp-json\/wp\/v2\/pages\/99","targetHints":{"allow":["GET"]}}],"collection":[{"href":"https:\/\/klauswichmanntekster.dk\/index.php\/wp-json\/wp\/v2\/pages"}],"about":[{"href":"https:\/\/klauswichmanntekster.dk\/index.php\/wp-json\/wp\/v2\/types\/page"}],"author":[{"embeddable":true,"href":"https:\/\/klauswichmanntekster.dk\/index.php\/wp-json\/wp\/v2\/users\/1"}],"replies":[{"embeddable":true,"href":"https:\/\/klauswichmanntekster.dk\/index.php\/wp-json\/wp\/v2\/comments?post=99"}],"version-history":[{"count":3,"href":"https:\/\/klauswichmanntekster.dk\/index.php\/wp-json\/wp\/v2\/pages\/99\/revisions"}],"predecessor-version":[{"id":109,"href":"https:\/\/klauswichmanntekster.dk\/index.php\/wp-json\/wp\/v2\/pages\/99\/revisions\/109"}],"wp:attachment":[{"href":"https:\/\/klauswichmanntekster.dk\/index.php\/wp-json\/wp\/v2\/media?parent=99"}],"curies":[{"name":"wp","href":"https:\/\/api.w.org\/{rel}","templated":true}]}}